{"id":106,"date":"2020-07-07T18:49:53","date_gmt":"2020-07-07T18:49:53","guid":{"rendered":"http:\/\/rausleben.com\/?page_id=106"},"modified":"2020-07-08T05:19:24","modified_gmt":"2020-07-08T05:19:24","slug":"der-ultimative-kommentargenerator","status":"publish","type":"page","link":"https:\/\/rausleben.com\/?page_id=106","title":{"rendered":"Der ultimative Kommentargenerator"},"content":{"rendered":"\n<p>Keine Idee, was ihr schreiben sollt? Hier kommt eine kleine Hilfestellung nach dem Prinzip des Spiels &#8222;Onkel Otto sitzt in der Badewanne&#8220;. <\/p>\n\n\n\n<p class=\"has-small-font-size\">(F\u00fcr alle die es vielleicht nicht oder unter anderem Namen kennen: Eine Person schreibt einen Namen, knickt das Papier um. Die n\u00e4chste schreibt ein Verb ohne zu sehen, was der vorherige geschrieben hatte und knickt wieder das Papier nach hinten um. Der n\u00e4chste schreibt noch einen Ort dazu. Wenn man dann alles auffaltet, ist oft ein ganz witziger Satz herausgekommen.)<\/p>\n\n\n\n<p>Wir haben mal gesammelt, was uns in den letzten Wochen so an witzigen Kommentaren zu Ohren gekommen ist und dann frei erg\u00e4nzt. Hier nur ein Auszug der noch viel l\u00e4ngeren Excelliste.<\/p>\n\n\n\n<p>Und so funktionierts: Such dir aus jeder Spalte etwas aus und kombiniere die Satzteile beliebig miteinander. Poste es dann als Kommentar unter einen Beitrag. Du kannst nat\u00fcrlich auch frei dazu erg\u00e4nzen.<\/p>\n\n\n\n<figure class=\"wp-block-table is-style-regular\"><table class=\"has-subtle-light-gray-background-color has-background\"><tbody><tr><td>Man m\u00fcsste<\/td><td>das Bett<\/td><td>nachts<\/td><td>weglassen<\/td><\/tr><tr><td>Ihr solltet<\/td><td>den Whirlpool<\/td><td>unbedingt<\/td><td>einweihen<\/td><\/tr><tr><td>Ich w\u00fcrde<\/td><td>die G\u00e4stetoilette<\/td><td>unterwegs<\/td><td>benutzen<\/td><\/tr><tr><td>K\u00f6nnt ihr<\/td><td>die Gartendusche<\/td><td>immer mal<\/td><td>reparieren<\/td><\/tr><tr><td>Wann darf man<\/td><td>die Cocktailbar<\/td><td>voraussichtlich<\/td><td>erwarten<\/td><\/tr><tr><td>Man kann<\/td><td>die Therapiecouch<\/td><td>am besten bald<\/td><td>planen<\/td><\/tr><tr><td>Ihr d\u00fcrft<\/td><td>den Balkon<\/td><td>auf keinen Fall<\/td><td>vergessen<\/td><\/tr><tr><td>Vielleicht k\u00f6nnt ihr<\/td><td>die Sp\u00fclmaschine<\/td><td>quer<\/td><td>mal testen<\/td><\/tr><tr><td>Die Freunde d\u00fcrfen<\/td><td>die H\u00e4ngematte<\/td><td>der Umwelt zuliebe<\/td><td>putzen<\/td><\/tr><tr><td>Ihr m\u00fcsst<\/td><td>das Laminat<\/td><td>vorsichtig<\/td><td>l\u00fcften<\/td><\/tr><tr><td>Ich will<\/td><td>das Heimkino<\/td><td>von Rechts wegen<\/td><td>integrieren<\/td><\/tr><tr><td>Die Nachbarn k\u00f6nnen<\/td><td>den K\u00fchlschrank<\/td><td>bald<\/td><td>in Betrieb nehmen<\/td><\/tr><tr><td>Wir sollten<\/td><td>die Kaffeemaschine<\/td><td>auf dem Dach<\/td><td>einbauen<\/td><\/tr><\/tbody><\/table><\/figure>\n\n\n\n<p>Wir hatten mit der Exceltabelle \u00fcbrigens einen unglaublichen Spa\u00df, weil Oli sie so eingerichtet hat, dass man sich per Klick zuf\u00e4llig einen Satz anzeigen lassen kann. F\u00fcr die Mathematiker unter euch: Wir haben 839608 m\u00f6gliche Kombinationen. Leider hab ich keinen blassen Schimmer, wie ich diesen Zufallsgenerator auf meine Seite bekomme.<\/p>\n\n\n\n<p>Aber jetzt erstmal viel Spa\u00df damit \ud83d\ude42<\/p>\n\n\n\n<p>Eure Tine<\/p>\n","protected":false},"excerpt":{"rendered":"<p>Keine Idee, was ihr schreiben sollt? Hier kommt eine kleine Hilfestellung nach dem Prinzip des Spiels &#8222;Onkel Otto sitzt in der Badewanne&#8220;. (F\u00fcr alle die es vielleicht nicht oder unter <span class=\"readmore\"><a href=\"https:\/\/rausleben.com\/?page_id=106\">Weiterlesen\u00a0\u2026<\/a><\/span><\/p>\n","protected":false},"author":1,"featured_media":0,"parent":0,"menu_order":0,"comment_status":"closed","ping_status":"closed","template":"","meta":{"footnotes":""},"class_list":["post-106","page","type-page","status-publish","hentry"],"jetpack_sharing_enabled":true,"_links":{"self":[{"href":"https:\/\/rausleben.com\/index.php?rest_route=\/wp\/v2\/pages\/106","targetHints":{"allow":["GET"]}}],"collection":[{"href":"https:\/\/rausleben.com\/index.php?rest_route=\/wp\/v2\/pages"}],"about":[{"href":"https:\/\/rausleben.com\/index.php?rest_route=\/wp\/v2\/types\/page"}],"author":[{"embeddable":true,"href":"https:\/\/rausleben.com\/index.php?rest_route=\/wp\/v2\/users\/1"}],"replies":[{"embeddable":true,"href":"https:\/\/rausleben.com\/index.php?rest_route=%2Fwp%2Fv2%2Fcomments&post=106"}],"version-history":[{"count":15,"href":"https:\/\/rausleben.com\/index.php?rest_route=\/wp\/v2\/pages\/106\/revisions"}],"predecessor-version":[{"id":129,"href":"https:\/\/rausleben.com\/index.php?rest_route=\/wp\/v2\/pages\/106\/revisions\/129"}],"wp:attachment":[{"href":"https:\/\/rausleben.com\/index.php?rest_route=%2Fwp%2Fv2%2Fmedia&parent=106"}],"curies":[{"name":"wp","href":"https:\/\/api.w.org\/{rel}","templated":true}]}}